{"id":458,"date":"2024-09-18T07:04:39","date_gmt":"2024-09-18T07:04:39","guid":{"rendered":"https:\/\/thz.moscotin.ca\/?page_id=458"},"modified":"2024-09-18T07:21:34","modified_gmt":"2024-09-18T07:21:34","slug":"theses","status":"publish","type":"page","link":"https:\/\/thz.moscotin.ca\/?page_id=458","title":{"rendered":"Theses"},"content":{"rendered":"\n<div class=\"wp-block-group has-global-padding is-layout-constrained wp-block-group-is-layout-constrained\">\n<h2 class=\"wp-block-heading has-text-align-left has-x-large-font-size\"><strong>2023<\/strong><\/h2>\n\n\n\n<div class=\"wp-block-media-text has-media-on-the-right is-stacked-on-mobile\" style=\"grid-template-columns:auto 60%\"><div class=\"wp-block-media-text__content\">\n<p class=\"has-text-align-center\" style=\"margin-right:0;margin-left:0\"><strong>Rusn\u0117 Iva\u0161kevi\u010di\u016bt\u0117-Povilauskien\u0117, PhD<\/strong><br><a href=\"https:\/\/www.lvb.lt\/permalink\/f\/10ja22f\/ELABAETD178363845\" data-type=\"link\" data-id=\"https:\/\/www.lvb.lt\/primo-explore\/fulldisplay?vid=ELABA&amp;search_scope=eLABa&amp;tab=default_tab&amp;docid=ELABAETD178363845&amp;lang=en_US&amp;context=L\">Optical Engineering in Terahertz Imaging and 2D Materials Inspection<\/a><\/p>\n<\/div><figure class=\"wp-block-media-text__media\"><img loading=\"lazy\" decoding=\"async\" width=\"1024\" height=\"712\" src=\"https:\/\/thz.moscotin.ca\/wp-content\/uploads\/2024\/09\/Iva-kevi-i-t-_Povilauskien-_disertacijos-vir-elis_94mm-1-1-1024x712.png\" alt=\"\" class=\"wp-image-463 size-full\" srcset=\"https:\/\/thz.moscotin.ca\/wp-content\/uploads\/2024\/09\/Iva-kevi-i-t-_Povilauskien-_disertacijos-vir-elis_94mm-1-1-1024x712.png 1024w, https:\/\/thz.moscotin.ca\/wp-content\/uploads\/2024\/09\/Iva-kevi-i-t-_Povilauskien-_disertacijos-vir-elis_94mm-1-1-300x209.png 300w, https:\/\/thz.moscotin.ca\/wp-content\/uploads\/2024\/09\/Iva-kevi-i-t-_Povilauskien-_disertacijos-vir-elis_94mm-1-1-768x534.png 768w, https:\/\/thz.moscotin.ca\/wp-content\/uploads\/2024\/09\/Iva-kevi-i-t-_Povilauskien-_disertacijos-vir-elis_94mm-1-1-1536x1069.png 1536w, https:\/\/thz.moscotin.ca\/wp-content\/uploads\/2024\/09\/Iva-kevi-i-t-_Povilauskien-_disertacijos-vir-elis_94mm-1-1-2048x1425.png 2048w\" sizes=\"auto, (max-width: 1024px) 100vw, 1024px\" \/><\/figure><\/div>\n\n\n\n<div style=\"height:25px\" aria-hidden=\"true\" class=\"wp-block-spacer\"><\/div>\n<\/div>\n\n\n\n<div class=\"wp-block-group has-global-padding is-layout-constrained wp-block-group-is-layout-constrained\">\n<h2 class=\"wp-block-heading has-text-align-left has-x-large-font-size\"><strong>2020<\/strong><\/h2>\n\n\n\n<p><strong>Vytautas Janonis, PhD<\/strong><br><a href=\"https:\/\/www.lvb.lt\/permalink\/f\/10ja22f\/ELABAETD75912182\" data-type=\"link\" data-id=\"https:\/\/www.lvb.lt\/primo-explore\/fulldisplay?vid=ELABA&amp;search_scope=eLABa&amp;tab=default_tab&amp;docid=ELABAETD178363845&amp;lang=en_US&amp;context=L\">Development of terahertz diffractive optics and plasmon-phonon polaritonics components<\/a><\/p>\n\n\n\n<div style=\"height:25px\" aria-hidden=\"true\" class=\"wp-block-spacer\"><\/div>\n<\/div>\n\n\n\n<div class=\"wp-block-group has-global-padding is-layout-constrained wp-block-group-is-layout-constrained\">\n<h2 class=\"wp-block-heading has-text-align-left has-x-large-font-size\"><strong>2019<\/strong><\/h2>\n\n\n\n<p><strong>Justinas Jorudas, MSc<\/strong><br><a href=\"https:\/\/www.lvb.lt\/permalink\/f\/10ja22f\/ELABAETD193330069\" data-type=\"link\" data-id=\"https:\/\/www.lvb.lt\/primo-explore\/fulldisplay?vid=ELABA&amp;search_scope=eLABa&amp;tab=default_tab&amp;docid=ELABAETD178363845&amp;lang=en_US&amp;context=L\">AlGaN\/GaN bow-tie sensors for the frequency range of 0.1-0.6 THz (in lithuanian)<\/a><\/p>\n\n\n\n<p><strong>Justina Malakauskait\u0117, MSc<\/strong><br><a href=\"https:\/\/www.lvb.lt\/permalink\/f\/10ja22f\/ELABAETD193330115\" data-type=\"link\" data-id=\"https:\/\/www.lvb.lt\/primo-explore\/fulldisplay?vid=ELABA&amp;search_scope=eLABa&amp;tab=default_tab&amp;docid=ELABAETD178363845&amp;lang=en_US&amp;context=L\">Investigation of ion implantation effects for isolation zones in AlGaN\/GaN heterostructures<\/a><\/p>\n\n\n\n<div style=\"height:25px\" aria-hidden=\"true\" class=\"wp-block-spacer\"><\/div>\n<\/div>\n\n\n\n<div class=\"wp-block-group has-global-padding is-layout-constrained wp-block-group-is-layout-constrained\">\n<h2 class=\"wp-block-heading has-text-align-left has-x-large-font-size\"><strong>2018<\/strong><\/h2>\n\n\n\n<p><strong>Vytautas Janonis, PhD<\/strong><br><a href=\"https:\/\/www.lvb.lt\/permalink\/f\/10ja22f\/ELABAETD32302395\" data-type=\"link\" data-id=\"https:\/\/www.lvb.lt\/primo-explore\/fulldisplay?vid=ELABA&amp;search_scope=eLABa&amp;tab=default_tab&amp;docid=ELABAETD178363845&amp;lang=en_US&amp;context=L\">Compact terahertz emitters and detectors based on AlGaN\/GaN heterostructures<\/a><\/p>\n\n\n\n<div style=\"height:25px\" aria-hidden=\"true\" class=\"wp-block-spacer\"><\/div>\n<\/div>\n\n\n\n<div class=\"wp-block-group has-global-padding is-layout-constrained wp-block-group-is-layout-constrained\">\n<h2 class=\"wp-block-heading has-text-align-left has-x-large-font-size\"><strong>2016<\/strong><\/h2>\n\n\n\n<p><strong>Linas Minkevi\u010dius, PhD<\/strong><br><a href=\"https:\/\/www.lvb.lt\/permalink\/f\/10ja22f\/ELABAETD16805446\" data-type=\"link\" data-id=\"https:\/\/www.lvb.lt\/primo-explore\/fulldisplay?vid=ELABA&amp;search_scope=eLABa&amp;tab=default_tab&amp;docid=ELABAETD178363845&amp;lang=en_US&amp;context=L\">Terahertz imaging arrays for room temperature operation<\/a><\/p>\n\n\n\n<p><strong>Rimvydas Venckevi\u010dius, PhD<\/strong><br><a href=\"https:\/\/www.lvb.lt\/permalink\/f\/10ja22f\/ELABAETD16805747\" data-type=\"link\" data-id=\"https:\/\/www.lvb.lt\/primo-explore\/fulldisplay?vid=ELABA&amp;search_scope=eLABa&amp;tab=default_tab&amp;docid=ELABAETD178363845&amp;lang=en_US&amp;context=L\">Compact spectroscopic terahertz imaging solutions using GaAs\/AlGaAs and InGaAs semiconductor nanostructures<\/a><\/p>\n\n\n\n<div style=\"height:25px\" aria-hidden=\"true\" class=\"wp-block-spacer\"><\/div>\n<\/div>\n\n\n\n<div class=\"wp-block-group alignwide is-vertical is-content-justification-center is-layout-flex wp-container-core-group-is-layout-838cd1cc wp-block-group-is-layout-flex\" style=\"padding-top:var(--wp--preset--spacing--40);padding-bottom:var(--wp--preset--spacing--50)\"><div class=\"is-default-size wp-block-site-logo\"><a href=\"https:\/\/thz.moscotin.ca\/\" class=\"custom-logo-link\" rel=\"home\"><img loading=\"lazy\" decoding=\"async\" width=\"2742\" height=\"1361\" src=\"https:\/\/thz.moscotin.ca\/wp-content\/uploads\/2024\/07\/thz-atelier-be-pagrindo-baltos-raides.png\" class=\"custom-logo\" alt=\"Terahertz Photonics Laboratory\" srcset=\"https:\/\/thz.moscotin.ca\/wp-content\/uploads\/2024\/07\/thz-atelier-be-pagrindo-baltos-raides.png 2742w, https:\/\/thz.moscotin.ca\/wp-content\/uploads\/2024\/07\/thz-atelier-be-pagrindo-baltos-raides-300x149.png 300w, https:\/\/thz.moscotin.ca\/wp-content\/uploads\/2024\/07\/thz-atelier-be-pagrindo-baltos-raides-1024x508.png 1024w, https:\/\/thz.moscotin.ca\/wp-content\/uploads\/2024\/07\/thz-atelier-be-pagrindo-baltos-raides-768x381.png 768w, https:\/\/thz.moscotin.ca\/wp-content\/uploads\/2024\/07\/thz-atelier-be-pagrindo-baltos-raides-1536x762.png 1536w, https:\/\/thz.moscotin.ca\/wp-content\/uploads\/2024\/07\/thz-atelier-be-pagrindo-baltos-raides-2048x1017.png 2048w\" sizes=\"auto, (max-width: 2742px) 100vw, 2742px\" \/><\/a><\/div>\n\n<nav class=\"has-small-font-size items-justified-center wp-block-navigation is-content-justification-center is-layout-flex wp-container-core-navigation-is-layout-a89b3969 wp-block-navigation-is-layout-flex\" aria-label=\"Navigation\"><ul class=\"wp-block-navigation__container has-small-font-size items-justified-center wp-block-navigation has-small-font-size\"><li data-wp-context=\"{ &quot;submenuOpenedBy&quot;: { &quot;click&quot;: false, &quot;hover&quot;: false, &quot;focus&quot;: false }, &quot;type&quot;: &quot;submenu&quot;, &quot;modal&quot;: null, &quot;previousFocus&quot;: null }\" data-wp-interactive=\"core\/navigation\" data-wp-on--focusout=\"actions.handleMenuFocusout\" data-wp-on--keydown=\"actions.handleMenuKeydown\" data-wp-on--mouseenter=\"actions.openMenuOnHover\" data-wp-on--mouseleave=\"actions.closeMenuOnHover\" data-wp-watch=\"callbacks.initMenu\" tabindex=\"-1\" class=\"wp-block-navigation-item has-small-font-size has-child open-on-hover-click wp-block-navigation-submenu\"><a class=\"wp-block-navigation-item__content\" href=\"https:\/\/thz.moscotin.ca\/?page_id=8\"><span class=\"wp-block-navigation-item__label\">Research<\/span><\/a><button data-wp-bind--aria-expanded=\"state.isMenuOpen\" data-wp-on--click=\"actions.toggleMenuOnClick\" aria-label=\"Research submenu\" class=\"wp-block-navigation__submenu-icon wp-block-navigation-submenu__toggle\" ><svg xmlns=\"http:\/\/www.w3.org\/2000\/svg\" width=\"12\" height=\"12\" viewBox=\"0 0 12 12\" fill=\"none\" aria-hidden=\"true\" focusable=\"false\"><path d=\"M1.50002 4L6.00002 8L10.5 4\" stroke-width=\"1.5\"><\/path><\/svg><\/button><ul data-wp-on--focus=\"actions.openMenuOnFocus\" class=\"wp-block-navigation__submenu-container wp-block-navigation-submenu\"><li class=\"has-small-font-size wp-block-navigation-item wp-block-navigation-link\"><a class=\"wp-block-navigation-item__content\"  href=\"https:\/\/thz.moscotin.ca\/?page_id=453\"><span class=\"wp-block-navigation-item__label\">Projects<\/span><\/a><\/li><li class=\"has-small-font-size wp-block-navigation-item wp-block-navigation-link\"><a class=\"wp-block-navigation-item__content\"  href=\"https:\/\/thz.moscotin.ca\/?page_id=410\"><span class=\"wp-block-navigation-item__label\">Publications<\/span><\/a><\/li><li class=\"has-small-font-size wp-block-navigation-item wp-block-navigation-link\"><a class=\"wp-block-navigation-item__content\"  href=\"https:\/\/thz.moscotin.ca\/?page_id=458\"><span class=\"wp-block-navigation-item__label\">Theses<\/span><\/a><\/li><li class=\"has-small-font-size wp-block-navigation-item wp-block-navigation-link\"><a class=\"wp-block-navigation-item__content\"  href=\"https:\/\/thz.moscotin.ca\/?page_id=440\"><span class=\"wp-block-navigation-item__label\">Student projects<\/span><\/a><\/li><\/ul><\/li><li class=\"has-small-font-size wp-block-navigation-item wp-block-navigation-link\"><a class=\"wp-block-navigation-item__content\"  href=\"https:\/\/thz.moscotin.ca\/?page_id=399\"><span class=\"wp-block-navigation-item__label\">Join us<\/span><\/a><\/li><li class=\"has-small-font-size wp-block-navigation-item wp-block-navigation-link\"><a class=\"wp-block-navigation-item__content\"  href=\"https:\/\/thz.moscotin.ca\/?page_id=353\"><span class=\"wp-block-navigation-item__label\">Latest News<\/span><\/a><\/li><li class=\"has-small-font-size wp-block-navigation-item wp-block-navigation-link\"><a class=\"wp-block-navigation-item__content\"  href=\"https:\/\/thz.moscotin.ca\/?page_id=365\"><span class=\"wp-block-navigation-item__label\">Contact us<\/span><\/a><\/li><\/ul><\/nav><\/div>\n","protected":false},"excerpt":{"rendered":"<p>2023 Rusn\u0117 Iva\u0161kevi\u010di\u016bt\u0117-Povilauskien\u0117, PhDOptical Engineering in Terahertz Imaging and 2D Materials Inspection 2020 Vytautas Janonis, PhDDevelopment of terahertz diffractive optics and plasmon-phonon polaritonics components 2019 Justinas Jorudas, MScAlGaN\/GaN bow-tie sensors for the frequency range of 0.1-0.6 THz (in lithuanian) Justina Malakauskait\u0117, MScInvestigation of ion implantation effects for isolation zones in AlGaN\/GaN heterostructures 2018 Vytautas Janonis, [&hellip;]<\/p>\n","protected":false},"author":5,"featured_media":0,"parent":8,"menu_order":0,"comment_status":"closed","ping_status":"closed","template":"","meta":{"footnotes":""},"class_list":["post-458","page","type-page","status-publish","hentry"],"_links":{"self":[{"href":"https:\/\/thz.moscotin.ca\/index.php?rest_route=\/wp\/v2\/pages\/458","targetHints":{"allow":["GET"]}}],"collection":[{"href":"https:\/\/thz.moscotin.ca\/index.php?rest_route=\/wp\/v2\/pages"}],"about":[{"href":"https:\/\/thz.moscotin.ca\/index.php?rest_route=\/wp\/v2\/types\/page"}],"author":[{"embeddable":true,"href":"https:\/\/thz.moscotin.ca\/index.php?rest_route=\/wp\/v2\/users\/5"}],"replies":[{"embeddable":true,"href":"https:\/\/thz.moscotin.ca\/index.php?rest_route=%2Fwp%2Fv2%2Fcomments&post=458"}],"version-history":[{"count":3,"href":"https:\/\/thz.moscotin.ca\/index.php?rest_route=\/wp\/v2\/pages\/458\/revisions"}],"predecessor-version":[{"id":464,"href":"https:\/\/thz.moscotin.ca\/index.php?rest_route=\/wp\/v2\/pages\/458\/revisions\/464"}],"up":[{"embeddable":true,"href":"https:\/\/thz.moscotin.ca\/index.php?rest_route=\/wp\/v2\/pages\/8"}],"wp:attachment":[{"href":"https:\/\/thz.moscotin.ca\/index.php?rest_route=%2Fwp%2Fv2%2Fmedia&parent=458"}],"curies":[{"name":"wp","href":"https:\/\/api.w.org\/{rel}","templated":true}]}}