{"id":453,"date":"2024-09-17T12:56:03","date_gmt":"2024-09-17T12:56:03","guid":{"rendered":"https:\/\/thz.moscotin.ca\/?page_id=453"},"modified":"2024-09-18T07:28:06","modified_gmt":"2024-09-18T07:28:06","slug":"projects","status":"publish","type":"page","link":"https:\/\/thz.moscotin.ca\/?page_id=453","title":{"rendered":"Projects"},"content":{"rendered":"\n<div class=\"wp-block-group alignfull has-accent-background-color has-background has-global-padding is-layout-constrained wp-container-core-group-is-layout-669513ed wp-block-group-is-layout-constrained\" style=\"margin-top:0;margin-bottom:0;padding-top:var(--wp--preset--spacing--50);padding-right:var(--wp--preset--spacing--50);padding-bottom:var(--wp--preset--spacing--50);padding-left:var(--wp--preset--spacing--50)\">\n<h2 class=\"wp-block-heading alignfull\" style=\"padding-top:var(--wp--preset--spacing--20);padding-bottom:var(--wp--preset--spacing--20)\">Ongoing projects<\/h2>\n\n\n\n<div class=\"wp-block-columns alignwide is-layout-flex wp-container-core-columns-is-layout-570f9a45 wp-block-columns-is-layout-flex\" style=\"padding-right:0;padding-left:0\">\n<div class=\"wp-block-column is-layout-flow wp-block-column-is-layout-flow\">\n<h3 class=\"wp-block-heading\">Lithuania-Taiwan project<\/h3>\n\n\n\n<p><strong>\u201eTyrimas bekauki\u0173 \u017eali\u0173j\u0173 technologij\u0173 GaN ir Ga<sub>2<\/sub>O<sub>3<\/sub> galios \u012frenginiams gaminti naudojant lazerin\u012f mikroapdorojim\u0105\u201c <\/strong><\/p>\n\n\n\n<p>Funded by Research Council of Lithuania. <\/p>\n\n\n\n<p>Project manager: Irmantas Ka\u0161alynas. <\/p>\n\n\n\n<p>Timeline: 2024-2026. <\/p>\n<\/div>\n\n\n\n<div class=\"wp-block-column is-layout-flow wp-block-column-is-layout-flow\">\n<h3 class=\"wp-block-heading\">Project No. 2<\/h3>\n\n\n\n<p><strong>\u201eLorem ipsum dolor sit amet, consectetur adipiscing elit, sed do eiusmod tempor incididunt ut labore et dolore magna aliqua.\u201c<\/strong><\/p>\n\n\n\n<p>Funded by Lorem ipsum dolor sit amet. <\/p>\n\n\n\n<p>Project manager: Lorem ipsum. <\/p>\n\n\n\n<p>Timeline: Lorem-ipsum;<\/p>\n<\/div>\n\n\n\n<div class=\"wp-block-column is-layout-flow wp-block-column-is-layout-flow\">\n<h3 class=\"wp-block-heading\">Project No. 3<\/h3>\n\n\n\n<p><strong>\u201eLorem ipsum dolor sit amet, consectetur adipiscing elit, sed do eiusmod tempor incididunt ut labore et dolore magna aliqua.\u201c<\/strong><\/p>\n\n\n\n<p>Funded by Lorem ipsum dolor sit amet. <\/p>\n\n\n\n<p>Project manager: Lorem ipsum. <\/p>\n\n\n\n<p>Timeline: Lorem-ipsum;<\/p>\n<\/div>\n<\/div>\n<\/div>\n\n\n\n<div style=\"height:50px\" aria-hidden=\"true\" class=\"wp-block-spacer\"><\/div>\n\n\n\n<div class=\"wp-block-group alignfull has-accent-5-background-color has-background has-global-padding is-layout-constrained wp-container-core-group-is-layout-d89aad35 wp-block-group-is-layout-constrained\" style=\"margin-top:0;margin-bottom:0;padding-top:var(--wp--preset--spacing--50);padding-right:var(--wp--preset--spacing--50);padding-bottom:var(--wp--preset--spacing--50);padding-left:var(--wp--preset--spacing--50)\">\n<h2 class=\"wp-block-heading alignfull\" style=\"padding-top:var(--wp--preset--spacing--20);padding-bottom:var(--wp--preset--spacing--20)\">Past projects<\/h2>\n\n\n\n<div class=\"wp-block-columns alignwide is-layout-flex wp-container-core-columns-is-layout-549b0c86 wp-block-columns-is-layout-flex\">\n<div class=\"wp-block-column is-layout-flow wp-container-core-column-is-layout-119bc444 wp-block-column-is-layout-flow\" style=\"flex-basis:50%\">\n<h3 class=\"wp-block-heading\">THz Plasmonics and GaN HEMT group<\/h3>\n\n\n\n<ul class=\"wp-block-list\">\n<li>Research Council of Lithuania (Lietuvos mokslo taryba) ,,T-HP\u201d (T-HP)\u2019\u2019 project (Nr. 01.2.2-LMT-K-718-01-0096).<\/li>\n\n\n\n<li>Research Council of Lithuania (Lietuvos mokslo taryba) under the \u201cTERAGANWIRE\u201d project (grant No. S-LL-19-1), by the National Science Centre of Poland (grant no. 2017\/27\/L\/ST7\/03283)<\/li>\n\n\n\n<li>Research Council of Lithuania (Lietuvos mokslo taryba) ,,Kompakti\u0161ki terahercin\u0117s spinduliuot\u0117s plazmoniniai emiteriai (KOTERA-PLAZA)\u2019\u2019 project (Nr. 01.2.2-LMT-K-718-01-0047)<\/li>\n<\/ul>\n<\/div>\n\n\n\n<div class=\"wp-block-column is-layout-flow wp-container-core-column-is-layout-119bc444 wp-block-column-is-layout-flow\" style=\"flex-basis:50%\">\n<h3 class=\"wp-block-heading\">THz Optics and Imaging group<\/h3>\n\n\n\n<ul class=\"wp-block-list\">\n<li>Lorep ipsum \u0160etkus something<\/li>\n\n\n\n<li>dolor sit amet<\/li>\n\n\n\n<li>consectetur adipiscing elit<\/li>\n<\/ul>\n<\/div>\n<\/div>\n<\/div>\n\n\n\n<div class=\"wp-block-group alignwide is-vertical is-content-justification-center is-layout-flex wp-container-core-group-is-layout-838cd1cc wp-block-group-is-layout-flex\" style=\"padding-top:var(--wp--preset--spacing--40);padding-bottom:var(--wp--preset--spacing--50)\"><div class=\"is-default-size wp-block-site-logo\"><a href=\"https:\/\/thz.moscotin.ca\/\" class=\"custom-logo-link\" rel=\"home\"><img loading=\"lazy\" decoding=\"async\" width=\"2742\" height=\"1361\" src=\"https:\/\/thz.moscotin.ca\/wp-content\/uploads\/2024\/07\/thz-atelier-be-pagrindo-baltos-raides.png\" class=\"custom-logo\" alt=\"Terahertz Photonics Laboratory\" srcset=\"https:\/\/thz.moscotin.ca\/wp-content\/uploads\/2024\/07\/thz-atelier-be-pagrindo-baltos-raides.png 2742w, https:\/\/thz.moscotin.ca\/wp-content\/uploads\/2024\/07\/thz-atelier-be-pagrindo-baltos-raides-300x149.png 300w, https:\/\/thz.moscotin.ca\/wp-content\/uploads\/2024\/07\/thz-atelier-be-pagrindo-baltos-raides-1024x508.png 1024w, https:\/\/thz.moscotin.ca\/wp-content\/uploads\/2024\/07\/thz-atelier-be-pagrindo-baltos-raides-768x381.png 768w, https:\/\/thz.moscotin.ca\/wp-content\/uploads\/2024\/07\/thz-atelier-be-pagrindo-baltos-raides-1536x762.png 1536w, https:\/\/thz.moscotin.ca\/wp-content\/uploads\/2024\/07\/thz-atelier-be-pagrindo-baltos-raides-2048x1017.png 2048w\" sizes=\"auto, (max-width: 2742px) 100vw, 2742px\" \/><\/a><\/div>\n\n<nav class=\"has-small-font-size items-justified-center wp-block-navigation is-content-justification-center is-layout-flex wp-container-core-navigation-is-layout-a89b3969 wp-block-navigation-is-layout-flex\" aria-label=\"Navigation\"><ul class=\"wp-block-navigation__container has-small-font-size items-justified-center wp-block-navigation has-small-font-size\"><li data-wp-context=\"{ &quot;submenuOpenedBy&quot;: { &quot;click&quot;: false, &quot;hover&quot;: false, &quot;focus&quot;: false }, &quot;type&quot;: &quot;submenu&quot;, &quot;modal&quot;: null, &quot;previousFocus&quot;: null }\" data-wp-interactive=\"core\/navigation\" data-wp-on--focusout=\"actions.handleMenuFocusout\" data-wp-on--keydown=\"actions.handleMenuKeydown\" data-wp-on--mouseenter=\"actions.openMenuOnHover\" data-wp-on--mouseleave=\"actions.closeMenuOnHover\" data-wp-watch=\"callbacks.initMenu\" tabindex=\"-1\" class=\"wp-block-navigation-item has-small-font-size has-child open-on-hover-click wp-block-navigation-submenu\"><a class=\"wp-block-navigation-item__content\" href=\"https:\/\/thz.moscotin.ca\/?page_id=8\"><span class=\"wp-block-navigation-item__label\">Research<\/span><\/a><button data-wp-bind--aria-expanded=\"state.isMenuOpen\" data-wp-on--click=\"actions.toggleMenuOnClick\" aria-label=\"Research submenu\" class=\"wp-block-navigation__submenu-icon wp-block-navigation-submenu__toggle\" ><svg xmlns=\"http:\/\/www.w3.org\/2000\/svg\" width=\"12\" height=\"12\" viewBox=\"0 0 12 12\" fill=\"none\" aria-hidden=\"true\" focusable=\"false\"><path d=\"M1.50002 4L6.00002 8L10.5 4\" stroke-width=\"1.5\"><\/path><\/svg><\/button><ul data-wp-on--focus=\"actions.openMenuOnFocus\" class=\"wp-block-navigation__submenu-container wp-block-navigation-submenu\"><li class=\"has-small-font-size wp-block-navigation-item wp-block-navigation-link\"><a class=\"wp-block-navigation-item__content\"  href=\"https:\/\/thz.moscotin.ca\/?page_id=453\"><span class=\"wp-block-navigation-item__label\">Projects<\/span><\/a><\/li><li class=\"has-small-font-size wp-block-navigation-item wp-block-navigation-link\"><a class=\"wp-block-navigation-item__content\"  href=\"https:\/\/thz.moscotin.ca\/?page_id=410\"><span class=\"wp-block-navigation-item__label\">Publications<\/span><\/a><\/li><li class=\"has-small-font-size wp-block-navigation-item wp-block-navigation-link\"><a class=\"wp-block-navigation-item__content\"  href=\"https:\/\/thz.moscotin.ca\/?page_id=458\"><span class=\"wp-block-navigation-item__label\">Theses<\/span><\/a><\/li><li class=\"has-small-font-size wp-block-navigation-item wp-block-navigation-link\"><a class=\"wp-block-navigation-item__content\"  href=\"https:\/\/thz.moscotin.ca\/?page_id=440\"><span class=\"wp-block-navigation-item__label\">Student projects<\/span><\/a><\/li><\/ul><\/li><li class=\"has-small-font-size wp-block-navigation-item wp-block-navigation-link\"><a class=\"wp-block-navigation-item__content\"  href=\"https:\/\/thz.moscotin.ca\/?page_id=399\"><span class=\"wp-block-navigation-item__label\">Join us<\/span><\/a><\/li><li class=\"has-small-font-size wp-block-navigation-item wp-block-navigation-link\"><a class=\"wp-block-navigation-item__content\"  href=\"https:\/\/thz.moscotin.ca\/?page_id=353\"><span class=\"wp-block-navigation-item__label\">Latest News<\/span><\/a><\/li><li class=\"has-small-font-size wp-block-navigation-item wp-block-navigation-link\"><a class=\"wp-block-navigation-item__content\"  href=\"https:\/\/thz.moscotin.ca\/?page_id=365\"><span class=\"wp-block-navigation-item__label\">Contact us<\/span><\/a><\/li><\/ul><\/nav><\/div>\n","protected":false},"excerpt":{"rendered":"<p>Ongoing projects Lithuania-Taiwan project \u201eTyrimas bekauki\u0173 \u017eali\u0173j\u0173 technologij\u0173 GaN ir Ga2O3 galios \u012frenginiams gaminti naudojant lazerin\u012f mikroapdorojim\u0105\u201c Funded by Research Council of Lithuania. Project manager: Irmantas Ka\u0161alynas. Timeline: 2024-2026. Project No. 2 \u201eLorem ipsum dolor sit amet, consectetur adipiscing elit, sed do eiusmod tempor incididunt ut labore et dolore magna aliqua.\u201c Funded by Lorem ipsum [&hellip;]<\/p>\n","protected":false},"author":5,"featured_media":0,"parent":8,"menu_order":0,"comment_status":"closed","ping_status":"closed","template":"","meta":{"footnotes":""},"class_list":["post-453","page","type-page","status-publish","hentry"],"_links":{"self":[{"href":"https:\/\/thz.moscotin.ca\/index.php?rest_route=\/wp\/v2\/pages\/453","targetHints":{"allow":["GET"]}}],"collection":[{"href":"https:\/\/thz.moscotin.ca\/index.php?rest_route=\/wp\/v2\/pages"}],"about":[{"href":"https:\/\/thz.moscotin.ca\/index.php?rest_route=\/wp\/v2\/types\/page"}],"author":[{"embeddable":true,"href":"https:\/\/thz.moscotin.ca\/index.php?rest_route=\/wp\/v2\/users\/5"}],"replies":[{"embeddable":true,"href":"https:\/\/thz.moscotin.ca\/index.php?rest_route=%2Fwp%2Fv2%2Fcomments&post=453"}],"version-history":[{"count":3,"href":"https:\/\/thz.moscotin.ca\/index.php?rest_route=\/wp\/v2\/pages\/453\/revisions"}],"predecessor-version":[{"id":467,"href":"https:\/\/thz.moscotin.ca\/index.php?rest_route=\/wp\/v2\/pages\/453\/revisions\/467"}],"up":[{"embeddable":true,"href":"https:\/\/thz.moscotin.ca\/index.php?rest_route=\/wp\/v2\/pages\/8"}],"wp:attachment":[{"href":"https:\/\/thz.moscotin.ca\/index.php?rest_route=%2Fwp%2Fv2%2Fmedia&parent=453"}],"curies":[{"name":"wp","href":"https:\/\/api.w.org\/{rel}","templated":true}]}}