{"id":440,"date":"2024-09-17T12:12:42","date_gmt":"2024-09-17T12:12:42","guid":{"rendered":"https:\/\/thz.moscotin.ca\/?page_id=440"},"modified":"2024-09-17T12:13:21","modified_gmt":"2024-09-17T12:13:21","slug":"student-projects","status":"publish","type":"page","link":"https:\/\/thz.moscotin.ca\/?page_id=440","title":{"rendered":"Student projects"},"content":{"rendered":"\n<div style=\"height:var(--wp--preset--spacing--10)\" aria-hidden=\"true\" class=\"wp-block-spacer\"><\/div>\n\n\n\n<div class=\"wp-block-group alignwide has-global-padding is-layout-constrained wp-block-group-is-layout-constrained\">\n<h1 class=\"wp-block-heading alignwide has-body-font-family has-medium-font-size\" style=\"line-height:1.2\">Student summer research and semester research projects funded in the past.<\/h1>\n\n\n\n<div style=\"height:var(--wp--preset--spacing--10)\" aria-hidden=\"true\" class=\"wp-block-spacer\"><\/div>\n\n\n\n<h2 class=\"wp-block-heading\">2024<\/h2>\n<\/div>\n\n\n\n<div class=\"wp-block-group alignfull has-global-padding is-layout-constrained wp-container-core-group-is-layout-b25ccd55 wp-block-group-is-layout-constrained\" style=\"margin-top:0;margin-bottom:0;padding-top:var(--wp--preset--spacing--50);padding-right:var(--wp--preset--spacing--50);padding-bottom:var(--wp--preset--spacing--50);padding-left:var(--wp--preset--spacing--50)\">\n<div class=\"wp-block-columns alignwide is-layout-flex wp-container-core-columns-is-layout-ff4b9c61 wp-block-columns-is-layout-flex\" style=\"margin-top:0;margin-bottom:0\">\n<div class=\"wp-block-column is-layout-flow wp-container-core-column-is-layout-8a368f38 wp-block-column-is-layout-flow\">\n<figure class=\"wp-block-image size-full is-style-rounded is-style-rounded--1\"><img loading=\"lazy\" decoding=\"async\" width=\"575\" height=\"576\" src=\"https:\/\/thz.moscotin.ca\/wp-content\/uploads\/2024\/09\/STILL2022.png\" alt=\"\" class=\"wp-image-441\" style=\"aspect-ratio:4\/3;object-fit:cover\" srcset=\"https:\/\/thz.moscotin.ca\/wp-content\/uploads\/2024\/09\/STILL2022.png 575w, https:\/\/thz.moscotin.ca\/wp-content\/uploads\/2024\/09\/STILL2022-300x300.png 300w, https:\/\/thz.moscotin.ca\/wp-content\/uploads\/2024\/09\/STILL2022-150x150.png 150w\" sizes=\"auto, (max-width: 575px) 100vw, 575px\" \/><\/figure>\n\n\n\n<details class=\"wp-block-details is-layout-flow wp-block-details-is-layout-flow\" style=\"font-style:normal;font-weight:600\"><summary>THz antenna coupled EdgeFET detector characterization<\/summary>\n<p style=\"font-style:normal;font-weight:400\">Project P-SV-24-139 &#8220;Antenomis susiet\u0173 edge-FET transistorini\u0173 detektori\u0173 charakterizavimas THz da\u017enio srityje&#8221;<\/p>\n\n\n\n<p style=\"font-style:normal;font-weight:400\">Supervisor: Maxim Moscotin<\/p>\n\n\n\n<p style=\"font-style:normal;font-weight:400\">Undergraduate student: Miroslav Saniuk <\/p>\n<\/details>\n\n\n\n<div style=\"height:var(--wp--preset--spacing--50)\" aria-hidden=\"true\" class=\"wp-block-spacer\"><\/div>\n\n\n\n\n\n<details class=\"wp-block-details is-layout-flow wp-block-details-is-layout-flow\" style=\"font-style:normal;font-weight:600\"><summary>Object recognition and classification in THz images using neural networks <\/summary>\n<p style=\"font-style:normal;font-weight:400\">Project P-SV-24-219 &#8220;Objekt\u0173  atpa\u017einimas ir klasifikavimas pagal j\u0173 vaizdus teraherciniame da\u017eni\u0173 ruo\u017ee naudojant dirbtinius neuroninius tinklus&#8221;<\/p>\n\n\n\n<p style=\"font-style:normal;font-weight:400\">Supervisor: Ignas Grigelionis<\/p>\n\n\n\n<p style=\"font-style:normal;font-weight:400\">Graduate student: Ugn\u0117 \u0160ilingait\u0117 <\/p>\n<\/details>\n<\/div>\n\n\n\n<div class=\"wp-block-column is-layout-flow wp-container-core-column-is-layout-8a368f38 wp-block-column-is-layout-flow\">\n<figure class=\"wp-block-image size-large is-style-rounded is-style-rounded--3\"><img loading=\"lazy\" decoding=\"async\" width=\"1024\" height=\"683\" src=\"https:\/\/thz.moscotin.ca\/wp-content\/uploads\/2024\/09\/Laboratories_day4-26-1024x683.jpg\" alt=\"\" class=\"wp-image-446\" style=\"aspect-ratio:3\/4;object-fit:cover\" srcset=\"https:\/\/thz.moscotin.ca\/wp-content\/uploads\/2024\/09\/Laboratories_day4-26-1024x683.jpg 1024w, https:\/\/thz.moscotin.ca\/wp-content\/uploads\/2024\/09\/Laboratories_day4-26-300x200.jpg 300w, https:\/\/thz.moscotin.ca\/wp-content\/uploads\/2024\/09\/Laboratories_day4-26-768x512.jpg 768w, https:\/\/thz.moscotin.ca\/wp-content\/uploads\/2024\/09\/Laboratories_day4-26-1536x1025.jpg 1536w, https:\/\/thz.moscotin.ca\/wp-content\/uploads\/2024\/09\/Laboratories_day4-26-2048x1366.jpg 2048w\" sizes=\"auto, (max-width: 1024px) 100vw, 1024px\" \/><\/figure>\n\n\n\n<details class=\"wp-block-details is-layout-flow wp-block-details-is-layout-flow\" style=\"font-style:normal;font-weight:600\"><summary>Development and characterization of novel imaging system using metamaterials and phase-sensitive object imaging techniques <\/summary>\n<p style=\"font-style:normal;font-weight:400\">Project P-SV-24-35 &#8220;Naujovi\u0161kos objekt\u0173 vaizdinimo sistemos vystymas ir charakterizavimas naudojant metamed\u017eiagas bei fazei jautrias objekt\u0173 vaizdinimo technikas&#8221;<\/p>\n\n\n\n<p style=\"font-style:normal;font-weight:400\">Supervisor: Vladislovas \u010ci\u017eas<\/p>\n\n\n\n<p style=\"font-style:normal;font-weight:400\">Graduate student: Karolis Redeckas <\/p>\n<\/details>\n<\/div>\n\n\n\n<div class=\"wp-block-column is-layout-flow wp-container-core-column-is-layout-8a368f38 wp-block-column-is-layout-flow\">\n<figure class=\"wp-block-image size-large is-style-rounded is-style-rounded--4\"><img loading=\"lazy\" decoding=\"async\" width=\"1024\" height=\"683\" src=\"https:\/\/thz.moscotin.ca\/wp-content\/uploads\/2024\/09\/764121-778321-1287x836-1-1024x683.jpg\" alt=\"\" class=\"wp-image-443\" style=\"aspect-ratio:3\/4;object-fit:cover\" srcset=\"https:\/\/thz.moscotin.ca\/wp-content\/uploads\/2024\/09\/764121-778321-1287x836-1-1024x683.jpg 1024w, https:\/\/thz.moscotin.ca\/wp-content\/uploads\/2024\/09\/764121-778321-1287x836-1-300x200.jpg 300w, https:\/\/thz.moscotin.ca\/wp-content\/uploads\/2024\/09\/764121-778321-1287x836-1-768x512.jpg 768w, https:\/\/thz.moscotin.ca\/wp-content\/uploads\/2024\/09\/764121-778321-1287x836-1.jpg 1254w\" sizes=\"auto, (max-width: 1024px) 100vw, 1024px\" \/><\/figure>\n\n\n\n<details class=\"wp-block-details is-layout-flow wp-block-details-is-layout-flow\" style=\"font-style:normal;font-weight:600\"><summary>Components for structural THz light: design, fabrication and characterization <\/summary>\n<p style=\"font-style:normal;font-weight:400\">Project P-SV-24-218 &#8220;Komponentai strukt\u016brin\u0117s teraherc\u0173 spinduliuot\u0117s formavimui: dizainas, gamyba ir charakterizavimas&#8221;<\/p>\n\n\n\n<p style=\"font-style:normal;font-weight:400\">Supervisor: Linas Minkevi\u010dius<\/p>\n\n\n\n<p style=\"font-style:normal;font-weight:400\">Undergraduate student: Kasparas Stanaitis <\/p>\n<\/details>\n\n\n\n<div style=\"height:var(--wp--preset--spacing--50)\" aria-hidden=\"true\" class=\"wp-block-spacer\"><\/div>\n<\/div>\n<\/div>\n<\/div>\n","protected":false},"excerpt":{"rendered":"<p>Student summer research and semester research projects funded in the past. 2024<\/p>\n","protected":false},"author":5,"featured_media":0,"parent":8,"menu_order":0,"comment_status":"closed","ping_status":"closed","template":"","meta":{"footnotes":""},"class_list":["post-440","page","type-page","status-publish","hentry"],"_links":{"self":[{"href":"https:\/\/thz.moscotin.ca\/index.php?rest_route=\/wp\/v2\/pages\/440","targetHints":{"allow":["GET"]}}],"collection":[{"href":"https:\/\/thz.moscotin.ca\/index.php?rest_route=\/wp\/v2\/pages"}],"about":[{"href":"https:\/\/thz.moscotin.ca\/index.php?rest_route=\/wp\/v2\/types\/page"}],"author":[{"embeddable":true,"href":"https:\/\/thz.moscotin.ca\/index.php?rest_route=\/wp\/v2\/users\/5"}],"replies":[{"embeddable":true,"href":"https:\/\/thz.moscotin.ca\/index.php?rest_route=%2Fwp%2Fv2%2Fcomments&post=440"}],"version-history":[{"count":1,"href":"https:\/\/thz.moscotin.ca\/index.php?rest_route=\/wp\/v2\/pages\/440\/revisions"}],"predecessor-version":[{"id":447,"href":"https:\/\/thz.moscotin.ca\/index.php?rest_route=\/wp\/v2\/pages\/440\/revisions\/447"}],"up":[{"embeddable":true,"href":"https:\/\/thz.moscotin.ca\/index.php?rest_route=\/wp\/v2\/pages\/8"}],"wp:attachment":[{"href":"https:\/\/thz.moscotin.ca\/index.php?rest_route=%2Fwp%2Fv2%2Fmedia&parent=440"}],"curies":[{"name":"wp","href":"https:\/\/api.w.org\/{rel}","templated":true}]}}