{"id":365,"date":"2024-07-16T07:39:59","date_gmt":"2024-07-16T07:39:59","guid":{"rendered":"https:\/\/thz.moscotin.ca\/?page_id=365"},"modified":"2024-07-24T13:10:25","modified_gmt":"2024-07-24T13:10:25","slug":"contact-us","status":"publish","type":"page","link":"https:\/\/thz.moscotin.ca\/?page_id=365","title":{"rendered":"Contact us"},"content":{"rendered":"\n<div class=\"wp-block-columns alignwide is-layout-flex wp-container-core-columns-is-layout-28f84493 wp-block-columns-is-layout-flex\">\n<div class=\"wp-block-column is-layout-flow wp-block-column-is-layout-flow\">\n<figure class=\"wp-block-image size-large\"><img loading=\"lazy\" decoding=\"async\" width=\"1024\" height=\"683\" src=\"https:\/\/thz.moscotin.ca\/wp-content\/uploads\/2024\/07\/1-Irmantas-Kasalynas-FTMC-1024x683.jpg\" alt=\"\" class=\"wp-image-366\" style=\"aspect-ratio:3\/2;object-fit:cover\" srcset=\"https:\/\/thz.moscotin.ca\/wp-content\/uploads\/2024\/07\/1-Irmantas-Kasalynas-FTMC-1024x683.jpg 1024w, https:\/\/thz.moscotin.ca\/wp-content\/uploads\/2024\/07\/1-Irmantas-Kasalynas-FTMC-300x200.jpg 300w, https:\/\/thz.moscotin.ca\/wp-content\/uploads\/2024\/07\/1-Irmantas-Kasalynas-FTMC-768x512.jpg 768w, https:\/\/thz.moscotin.ca\/wp-content\/uploads\/2024\/07\/1-Irmantas-Kasalynas-FTMC.jpg 1500w\" sizes=\"auto, (max-width: 1024px) 100vw, 1024px\" \/><\/figure>\n<\/div>\n\n\n\n<div class=\"wp-block-column is-layout-flow wp-block-column-is-layout-flow\">\n<figure class=\"wp-block-image aligncenter size-large\"><img loading=\"lazy\" decoding=\"async\" width=\"1024\" height=\"719\" src=\"https:\/\/thz.moscotin.ca\/wp-content\/uploads\/2024\/07\/Linas-Minkevicius-Quo-Vadis-1024x719.jpg\" alt=\"\" class=\"wp-image-367\" style=\"aspect-ratio:3\/2;object-fit:cover\" srcset=\"https:\/\/thz.moscotin.ca\/wp-content\/uploads\/2024\/07\/Linas-Minkevicius-Quo-Vadis-1024x719.jpg 1024w, https:\/\/thz.moscotin.ca\/wp-content\/uploads\/2024\/07\/Linas-Minkevicius-Quo-Vadis-300x211.jpg 300w, https:\/\/thz.moscotin.ca\/wp-content\/uploads\/2024\/07\/Linas-Minkevicius-Quo-Vadis-768x539.jpg 768w, https:\/\/thz.moscotin.ca\/wp-content\/uploads\/2024\/07\/Linas-Minkevicius-Quo-Vadis-1536x1078.jpg 1536w, https:\/\/thz.moscotin.ca\/wp-content\/uploads\/2024\/07\/Linas-Minkevicius-Quo-Vadis.jpg 1900w\" sizes=\"auto, (max-width: 1024px) 100vw, 1024px\" \/><\/figure>\n<\/div>\n<\/div>\n\n\n\n<div class=\"wp-block-columns alignwide is-layout-flex wp-container-core-columns-is-layout-28f84493 wp-block-columns-is-layout-flex\">\n<div class=\"wp-block-column is-layout-flow wp-block-column-is-layout-flow\">\n<h2 class=\"wp-block-heading has-text-align-center\"><strong>Dr. Irmantas Ka\u0161alynas<\/strong><\/h2>\n\n\n\n<p class=\"has-text-align-center\"><a href=\"mailto:irmantas.kasalynas@ftmc.lt\">irmantas.kasalynas@ftmc.lt<\/a><\/p>\n<\/div>\n\n\n\n<div class=\"wp-block-column is-layout-flow wp-block-column-is-layout-flow\">\n<h2 class=\"wp-block-heading has-text-align-center\"><strong>Dr. Linas Minkevi\u010dius<\/strong><\/h2>\n\n\n\n<p class=\"has-text-align-center\"><a href=\"mailto:linas.minkevicius@ftmc.lt\">linas.minkevicius@ftmc.lt<\/a><\/p>\n<\/div>\n<\/div>\n\n\n\n<div style=\"height:50px\" aria-hidden=\"true\" class=\"wp-block-spacer\"><\/div>\n\n\n\n<h2 class=\"wp-block-heading is-style-default has-base-background-color has-background\" style=\"padding-top:var(--wp--preset--spacing--20);padding-bottom:var(--wp--preset--spacing--20)\">Visiting address<\/h2>\n\n\n\n<div class=\"wp-block-columns alignwide is-layout-flex wp-container-core-columns-is-layout-28f84493 wp-block-columns-is-layout-flex\">\n<div class=\"wp-block-column is-vertically-aligned-center is-layout-flow wp-block-column-is-layout-flow\" style=\"flex-basis:400px\">\n<div class=\"wp-block-group has-global-padding is-layout-constrained wp-container-core-group-is-layout-97829e9f wp-block-group-is-layout-constrained\" style=\"padding-right:var(--wp--preset--spacing--40);padding-left:var(--wp--preset--spacing--40)\">\n<p>Office D117<\/p>\n\n\n\n<p>Saul\u0117tekio av. 3<\/p>\n\n\n\n<p>Vilnius, Lithuania<\/p>\n<\/div>\n<\/div>\n\n\n\n<div class=\"wp-block-column is-layout-flow wp-block-column-is-layout-flow\">\n<iframe src=\"https:\/\/www.google.com\/maps\/embed?pb=!1m18!1m12!1m3!1d685.0555681332437!2d25.327053942846767!3d54.72294056141432!2m3!1f0!2f0!3f0!3m2!1i1024!2i768!4f13.1!3m3!1m2!1s0x46dd96c3734aefa1%3A0xc149cc875506d84!2sNacionalinis%20Fizini%C5%B3%20ir%20technologijos%20moksl%C5%B3%20centras%20(NFTMC)!5e0!3m2!1sen!2slt!4v1721813613396!5m2!1sen!2slt\" width=\"600\" height=\"450\" style=\"border:0;\" allowfullscreen=\"\" loading=\"lazy\" referrerpolicy=\"no-referrer-when-downgrade\"><\/iframe>\n<\/div>\n<\/div>\n\n\n\n<div class=\"wp-block-group alignwide is-vertical is-content-justification-center is-layout-flex wp-container-core-group-is-layout-838cd1cc wp-block-group-is-layout-flex\" style=\"padding-top:var(--wp--preset--spacing--40);padding-bottom:var(--wp--preset--spacing--50)\"><div class=\"is-default-size wp-block-site-logo\"><a href=\"https:\/\/thz.moscotin.ca\/\" class=\"custom-logo-link\" rel=\"home\"><img loading=\"lazy\" decoding=\"async\" width=\"2742\" height=\"1361\" src=\"https:\/\/thz.moscotin.ca\/wp-content\/uploads\/2024\/07\/thz-atelier-be-pagrindo-baltos-raides.png\" class=\"custom-logo\" alt=\"Terahertz Photonics Laboratory\" srcset=\"https:\/\/thz.moscotin.ca\/wp-content\/uploads\/2024\/07\/thz-atelier-be-pagrindo-baltos-raides.png 2742w, https:\/\/thz.moscotin.ca\/wp-content\/uploads\/2024\/07\/thz-atelier-be-pagrindo-baltos-raides-300x149.png 300w, https:\/\/thz.moscotin.ca\/wp-content\/uploads\/2024\/07\/thz-atelier-be-pagrindo-baltos-raides-1024x508.png 1024w, https:\/\/thz.moscotin.ca\/wp-content\/uploads\/2024\/07\/thz-atelier-be-pagrindo-baltos-raides-768x381.png 768w, https:\/\/thz.moscotin.ca\/wp-content\/uploads\/2024\/07\/thz-atelier-be-pagrindo-baltos-raides-1536x762.png 1536w, https:\/\/thz.moscotin.ca\/wp-content\/uploads\/2024\/07\/thz-atelier-be-pagrindo-baltos-raides-2048x1017.png 2048w\" sizes=\"auto, (max-width: 2742px) 100vw, 2742px\" \/><\/a><\/div>\n\n<nav class=\"has-small-font-size items-justified-center wp-block-navigation is-content-justification-center is-layout-flex wp-container-core-navigation-is-layout-a89b3969 wp-block-navigation-is-layout-flex\" aria-label=\"Navigation\"><ul class=\"wp-block-navigation__container has-small-font-size items-justified-center wp-block-navigation has-small-font-size\"><li data-wp-context=\"{ &quot;submenuOpenedBy&quot;: { &quot;click&quot;: false, &quot;hover&quot;: false, &quot;focus&quot;: false }, &quot;type&quot;: &quot;submenu&quot;, &quot;modal&quot;: null, &quot;previousFocus&quot;: null }\" data-wp-interactive=\"core\/navigation\" data-wp-on--focusout=\"actions.handleMenuFocusout\" data-wp-on--keydown=\"actions.handleMenuKeydown\" data-wp-on--mouseenter=\"actions.openMenuOnHover\" data-wp-on--mouseleave=\"actions.closeMenuOnHover\" data-wp-watch=\"callbacks.initMenu\" tabindex=\"-1\" class=\"wp-block-navigation-item has-small-font-size has-child open-on-hover-click wp-block-navigation-submenu\"><a class=\"wp-block-navigation-item__content\" href=\"https:\/\/thz.moscotin.ca\/?page_id=8\"><span class=\"wp-block-navigation-item__label\">Research<\/span><\/a><button data-wp-bind--aria-expanded=\"state.isMenuOpen\" data-wp-on--click=\"actions.toggleMenuOnClick\" aria-label=\"Research submenu\" class=\"wp-block-navigation__submenu-icon wp-block-navigation-submenu__toggle\" ><svg xmlns=\"http:\/\/www.w3.org\/2000\/svg\" width=\"12\" height=\"12\" viewBox=\"0 0 12 12\" fill=\"none\" aria-hidden=\"true\" focusable=\"false\"><path d=\"M1.50002 4L6.00002 8L10.5 4\" stroke-width=\"1.5\"><\/path><\/svg><\/button><ul data-wp-on--focus=\"actions.openMenuOnFocus\" class=\"wp-block-navigation__submenu-container wp-block-navigation-submenu\"><li class=\"has-small-font-size wp-block-navigation-item wp-block-navigation-link\"><a class=\"wp-block-navigation-item__content\"  href=\"https:\/\/thz.moscotin.ca\/?page_id=453\"><span class=\"wp-block-navigation-item__label\">Projects<\/span><\/a><\/li><li class=\"has-small-font-size wp-block-navigation-item wp-block-navigation-link\"><a class=\"wp-block-navigation-item__content\"  href=\"https:\/\/thz.moscotin.ca\/?page_id=410\"><span class=\"wp-block-navigation-item__label\">Publications<\/span><\/a><\/li><li class=\"has-small-font-size wp-block-navigation-item wp-block-navigation-link\"><a class=\"wp-block-navigation-item__content\"  href=\"https:\/\/thz.moscotin.ca\/?page_id=458\"><span class=\"wp-block-navigation-item__label\">Theses<\/span><\/a><\/li><li class=\"has-small-font-size wp-block-navigation-item wp-block-navigation-link\"><a class=\"wp-block-navigation-item__content\"  href=\"https:\/\/thz.moscotin.ca\/?page_id=440\"><span class=\"wp-block-navigation-item__label\">Student projects<\/span><\/a><\/li><\/ul><\/li><li class=\"has-small-font-size wp-block-navigation-item wp-block-navigation-link\"><a class=\"wp-block-navigation-item__content\"  href=\"https:\/\/thz.moscotin.ca\/?page_id=399\"><span class=\"wp-block-navigation-item__label\">Join us<\/span><\/a><\/li><li class=\"has-small-font-size wp-block-navigation-item wp-block-navigation-link\"><a class=\"wp-block-navigation-item__content\"  href=\"https:\/\/thz.moscotin.ca\/?page_id=353\"><span class=\"wp-block-navigation-item__label\">Latest News<\/span><\/a><\/li><li class=\"has-small-font-size wp-block-navigation-item wp-block-navigation-link\"><a class=\"wp-block-navigation-item__content\"  href=\"https:\/\/thz.moscotin.ca\/?page_id=365\"><span class=\"wp-block-navigation-item__label\">Contact us<\/span><\/a><\/li><\/ul><\/nav><\/div>\n","protected":false},"excerpt":{"rendered":"<p>Dr. Irmantas Ka\u0161alynas irmantas.kasalynas@ftmc.lt Dr. Linas Minkevi\u010dius linas.minkevicius@ftmc.lt Visiting address Office D117 Saul\u0117tekio av. 3 Vilnius, Lithuania<\/p>\n","protected":false},"author":1,"featured_media":0,"parent":0,"menu_order":0,"comment_status":"closed","ping_status":"closed","template":"","meta":{"footnotes":""},"class_list":["post-365","page","type-page","status-publish","hentry"],"_links":{"self":[{"href":"https:\/\/thz.moscotin.ca\/index.php?rest_route=\/wp\/v2\/pages\/365","targetHints":{"allow":["GET"]}}],"collection":[{"href":"https:\/\/thz.moscotin.ca\/index.php?rest_route=\/wp\/v2\/pages"}],"about":[{"href":"https:\/\/thz.moscotin.ca\/index.php?rest_route=\/wp\/v2\/types\/page"}],"author":[{"embeddable":true,"href":"https:\/\/thz.moscotin.ca\/index.php?rest_route=\/wp\/v2\/users\/1"}],"replies":[{"embeddable":true,"href":"https:\/\/thz.moscotin.ca\/index.php?rest_route=%2Fwp%2Fv2%2Fcomments&post=365"}],"version-history":[{"count":6,"href":"https:\/\/thz.moscotin.ca\/index.php?rest_route=\/wp\/v2\/pages\/365\/revisions"}],"predecessor-version":[{"id":431,"href":"https:\/\/thz.moscotin.ca\/index.php?rest_route=\/wp\/v2\/pages\/365\/revisions\/431"}],"wp:attachment":[{"href":"https:\/\/thz.moscotin.ca\/index.php?rest_route=%2Fwp%2Fv2%2Fmedia&parent=365"}],"curies":[{"name":"wp","href":"https:\/\/api.w.org\/{rel}","templated":true}]}}